{"id":3180,"date":"2025-07-23T03:17:24","date_gmt":"2025-07-23T01:17:24","guid":{"rendered":"http:\/\/blasco-traducciones.de\/2025\/?page_id=3180"},"modified":"2025-08-22T09:24:28","modified_gmt":"2025-08-22T07:24:28","slug":"inicio","status":"publish","type":"page","link":"http:\/\/blasco-traducciones.de\/2025\/es\/inicio\/","title":{"rendered":"INICIO"},"content":{"rendered":"\n<div class=\"wp-block-cover alignfull\"><img loading=\"lazy\" decoding=\"async\" width=\"2560\" height=\"1707\" class=\"wp-block-cover__image-background wp-image-3253 size-full\" alt=\"\" src=\"http:\/\/blasco-traducciones.de\/2025\/wp-content\/uploads\/2025\/07\/pexels-bohlemedia-1124460-retocada-scaled.jpg\" data-object-fit=\"cover\" srcset=\"http:\/\/blasco-traducciones.de\/2025\/wp-content\/uploads\/2025\/07\/pexels-bohlemedia-1124460-retocada-scaled.jpg 2560w, http:\/\/blasco-traducciones.de\/2025\/wp-content\/uploads\/2025\/07\/pexels-bohlemedia-1124460-retocada-300x200.jpg 300w, http:\/\/blasco-traducciones.de\/2025\/wp-content\/uploads\/2025\/07\/pexels-bohlemedia-1124460-retocada-1024x683.jpg 1024w, http:\/\/blasco-traducciones.de\/2025\/wp-content\/uploads\/2025\/07\/pexels-bohlemedia-1124460-retocada-768x512.jpg 768w, http:\/\/blasco-traducciones.de\/2025\/wp-content\/uploads\/2025\/07\/pexels-bohlemedia-1124460-retocada-1536x1024.jpg 1536w, http:\/\/blasco-traducciones.de\/2025\/wp-content\/uploads\/2025\/07\/pexels-bohlemedia-1124460-retocada-2048x1365.jpg 2048w\" sizes=\"auto, (max-width: 2560px) 100vw, 2560px\" \/><span aria-hidden=\"true\" class=\"wp-block-cover__background has-background-dim-30 has-background-dim\"><\/span><div class=\"wp-block-cover__inner-container is-layout-constrained wp-block-cover-is-layout-constrained\">\n<p class=\"has-text-align-center has-white-color has-text-color has-link-color has-medium-font-size wp-elements-6f25fb5a38913acacc2c16f280913ef6\"><strong>TRADUCCIONES JURADAS ALEM\u00c1N-ESPA\u00d1OL-ALEM\u00c1N<\/strong><\/p>\n<\/div><\/div>\n\n\n\n<div style=\"height:20px\" aria-hidden=\"true\" class=\"wp-block-spacer\"><\/div>\n\n\n\n<div class=\"wp-block-columns is-layout-flex wp-container-core-columns-is-layout-28f84493 wp-block-columns-is-layout-flex\">\n<div class=\"wp-block-column is-layout-flow wp-block-column-is-layout-flow\">\n<figure class=\"wp-block-image size-full\"><a href=\"http:\/\/blasco-traducciones.de\/2025\/es\/servicios\/\"><img loading=\"lazy\" decoding=\"async\" width=\"600\" height=\"338\" src=\"http:\/\/blasco-traducciones.de\/2025\/wp-content\/uploads\/2025\/07\/Claudio-Blasco-web05-2.jpg\" alt=\"\" class=\"wp-image-3241\" srcset=\"http:\/\/blasco-traducciones.de\/2025\/wp-content\/uploads\/2025\/07\/Claudio-Blasco-web05-2.jpg 600w, http:\/\/blasco-traducciones.de\/2025\/wp-content\/uploads\/2025\/07\/Claudio-Blasco-web05-2-300x169.jpg 300w\" sizes=\"auto, (max-width: 600px) 100vw, 600px\" \/><\/a><\/figure>\n\n\n\n<p class=\"has-vivid-red-color has-text-color has-link-color wp-elements-56b2ba7c03b6f1abc7837c71472c5f47\" style=\"margin-top:30px;margin-bottom:0px;font-size:18px\"><strong><strong><strong><strong><a href=\"http:\/\/blasco-traducciones.de\/2025\/es\/servicios\/\">SERVICIOS<\/a><\/strong><\/strong><\/strong><\/strong><\/p>\n\n\n\n<p>Traducciones juradas alem\u00e1n-espa\u00f1ol-alem\u00e1n<\/p>\n\n\n\n<p>Traducciones generales alem\u00e1n-espa\u00f1ol-alem\u00e1n<\/p>\n\n\n\n<p>Interpretaci\u00f3n consecutiva alem\u00e1n-espa\u00f1ol-alem\u00e1n<\/p>\n<\/div>\n\n\n\n<div class=\"wp-block-column is-layout-flow wp-block-column-is-layout-flow\">\n<div class=\"wp-block-group is-layout-constrained wp-block-group-is-layout-constrained\">\n<figure class=\"wp-block-image size-full\"><a href=\"http:\/\/blasco-traducciones.de\/2025\/es\/perfil\/\"><img loading=\"lazy\" decoding=\"async\" width=\"600\" height=\"338\" src=\"http:\/\/blasco-traducciones.de\/2025\/wp-content\/uploads\/2025\/07\/Claudio-Blasco-web03-2.jpg\" alt=\"\" class=\"wp-image-3242\" srcset=\"http:\/\/blasco-traducciones.de\/2025\/wp-content\/uploads\/2025\/07\/Claudio-Blasco-web03-2.jpg 600w, http:\/\/blasco-traducciones.de\/2025\/wp-content\/uploads\/2025\/07\/Claudio-Blasco-web03-2-300x169.jpg 300w\" sizes=\"auto, (max-width: 600px) 100vw, 600px\" \/><\/a><\/figure>\n\n\n\n<p class=\"has-vivid-red-color has-text-color has-link-color wp-elements-b0c7ae03d18948c23c8169db9cf94133\" style=\"margin-top:30px;margin-bottom:0px;font-size:18px\"><strong><strong><strong><strong><a href=\"http:\/\/blasco-traducciones.de\/2025\/es\/perfil\/\">COMPETENCIA PROFESIONAL<\/a><\/strong><\/strong><\/strong><\/strong><\/p>\n\n\n\n<p>M\u00e1s de 25 a\u00f1os de experiencia como traductor<\/p>\n\n\n\n<p>\u00c1reas de especialidad: econom\u00eda, finanzas, derecho y algunos campos de la t\u00e9cnica y de las ciencias naturales.<\/p>\n<\/div>\n<\/div>\n\n\n\n<div class=\"wp-block-column is-layout-flow wp-block-column-is-layout-flow\">\n<div class=\"wp-block-group is-layout-constrained wp-block-group-is-layout-constrained\">\n<figure class=\"wp-block-image size-full\"><a href=\"http:\/\/blasco-traducciones.de\/2025\/es\/perfil\/\"><img loading=\"lazy\" decoding=\"async\" width=\"600\" height=\"338\" src=\"http:\/\/blasco-traducciones.de\/2025\/wp-content\/uploads\/2025\/07\/Claudio-Blasco-web06-1.jpg\" alt=\"\" class=\"wp-image-3243\" srcset=\"http:\/\/blasco-traducciones.de\/2025\/wp-content\/uploads\/2025\/07\/Claudio-Blasco-web06-1.jpg 600w, http:\/\/blasco-traducciones.de\/2025\/wp-content\/uploads\/2025\/07\/Claudio-Blasco-web06-1-300x169.jpg 300w\" sizes=\"auto, (max-width: 600px) 100vw, 600px\" \/><\/a><\/figure>\n\n\n\n<p class=\"has-vivid-red-color has-text-color has-link-color wp-elements-9b04571382eeda73aaf35d29a0828179\" style=\"margin-top:30px;margin-bottom:0px;font-size:18px\"><strong><strong><strong><strong><a href=\"http:\/\/blasco-traducciones.de\/2025\/es\/perfil\/\">TITULACIONES Y CUALIFICACIONES<\/a><\/strong><\/strong><\/strong><\/strong><\/p>\n\n\n\n<p>Traductor jurado ante los tribunales y notarios en el Estado de Hesse para toda Alemania<\/p>\n\n\n\n<p>Traductor certificado por los Estados federados de Hesse y Baviera.<\/p>\n\n\n\n<p>Licenciado en Ciencias Econ\u00f3micas por la Universidad de J. W. Goethe de Fr\u00e1ncfort<\/p>\n\n\n\n<p>Exmiembro de la comisi\u00f3n examinadora para el examen estatal de traductor certificado en el Estado federado de Baviera<\/p>\n\n\n\n<p>Exencargado de cursos en universidades p\u00fablicas y privadas de Alemania como J.W.- Goethe de Fr\u00e1ncfort, European Business School en Oestrich-Winkel, Universidad Justus-Liebig en Giessen e Universidad Friedrich-Alexander en N\u00faremberg<\/p>\n<\/div>\n<\/div>\n<\/div>\n\n\n\n<div style=\"margin-top:0px;height:150px\" aria-hidden=\"true\" class=\"wp-block-spacer\"><\/div>\n","protected":false},"excerpt":{"rendered":"<p>SERVICIOS Traducciones juradas alem\u00e1n-espa\u00f1ol-alem\u00e1n Traducciones generales alem\u00e1n-espa\u00f1ol-alem\u00e1n Interpretaci\u00f3n consecutiva alem\u00e1n-espa\u00f1ol-alem\u00e1n COMPETENCIA PROFESIONAL M\u00e1s de 25 a\u00f1os de experiencia como traductor \u00c1reas de especialidad: econom\u00eda, finanzas, derecho y algunos campos de la t\u00e9cnica y de las ciencias naturales. TITULACIONES Y CUALIFICACIONES Traductor jurado ante los tribunales y notarios en el Estado de Hesse para toda Alemania [&hellip;]<\/p>\n","protected":false},"author":1,"featured_media":0,"parent":0,"menu_order":0,"comment_status":"closed","ping_status":"closed","template":"","meta":{"_uag_custom_page_level_css":"","site-sidebar-layout":"no-sidebar","site-content-layout":"plain-container","ast-site-content-layout":"normal-width-container","site-content-style":"unboxed","site-sidebar-style":"unboxed","ast-global-header-display":"","ast-banner-title-visibility":"","ast-main-header-display":"","ast-hfb-above-header-display":"","ast-hfb-below-header-display":"","ast-hfb-mobile-header-display":"","site-post-title":"disabled","ast-breadcrumbs-content":"","ast-featured-img":"disabled","footer-sml-layout":"","theme-transparent-header-meta":"default","adv-header-id-meta":"","stick-header-meta":"","header-above-stick-meta":"","header-main-stick-meta":"","header-below-stick-meta":"","astra-migrate-meta-layouts":"set","ast-page-background-enabled":"default","ast-page-background-meta":{"desktop":{"background-color":"var(--ast-global-color-4)","background-image":"","background-repeat":"repeat","background-position":"center center","background-size":"auto","background-attachment":"scroll","background-type":"","background-media":"","overlay-type":"","overlay-color":"","overlay-opacity":"","overlay-gradient":""},"tablet":{"background-color":"","background-image":"","background-repeat":"repeat","background-position":"center center","background-size":"auto","background-attachment":"scroll","background-type":"","background-media":"","overlay-type":"","overlay-color":"","overlay-opacity":"","overlay-gradient":""},"mobile":{"background-color":"","background-image":"","background-repeat":"repeat","background-position":"center center","background-size":"auto","background-attachment":"scroll","background-type":"","background-media":"","overlay-type":"","overlay-color":"","overlay-opacity":"","overlay-gradient":""}},"ast-content-background-meta":{"desktop":{"background-color":"var(--ast-global-color-5)","background-image":"","background-repeat":"repeat","background-position":"center center","background-size":"auto","background-attachment":"scroll","background-type":"","background-media":"","overlay-type":"","overlay-color":"","overlay-opacity":"","overlay-gradient":""},"tablet":{"background-color":"var(--ast-global-color-5)","background-image":"","background-repeat":"repeat","background-position":"center center","background-size":"auto","background-attachment":"scroll","background-type":"","background-media":"","overlay-type":"","overlay-color":"","overlay-opacity":"","overlay-gradient":""},"mobile":{"background-color":"var(--ast-global-color-5)","background-image":"","background-repeat":"repeat","background-position":"center center","background-size":"auto","background-attachment":"scroll","background-type":"","background-media":"","overlay-type":"","overlay-color":"","overlay-opacity":"","overlay-gradient":""}},"footnotes":""},"class_list":["post-3180","page","type-page","status-publish","hentry"],"yoast_head":"<!-- This site is optimized with the Yoast SEO plugin v26.2 - https:\/\/yoast.com\/wordpress\/plugins\/seo\/ -->\n<title>Home - Blasco Traducciones - Espa\u00f1ol &lt;-&gt; Deutsch<\/title>\n<meta name=\"description\" content=\"Servicios: Traducciones juradas alem\u00e1n espa\u00f1ol en Fr\u00e1ncfort. Interpretaci\u00f3n consecutiva. \u00c1reas: Econom\u00eda y finanzas m\u00e1s Derecho.\" \/>\n<meta name=\"robots\" content=\"index, follow, max-snippet:-1, max-image-preview:large, max-video-preview:-1\" \/>\n<link rel=\"canonical\" href=\"http:\/\/blasco-traducciones.de\/2025\/es\/inicio\/\" \/>\n<meta property=\"og:locale\" content=\"en_US\" \/>\n<meta property=\"og:type\" content=\"article\" \/>\n<meta property=\"og:title\" content=\"Home - Blasco Traducciones - Espa\u00f1ol &lt;-&gt; Deutsch\" \/>\n<meta property=\"og:description\" content=\"Servicios: Traducciones juradas alem\u00e1n espa\u00f1ol en Fr\u00e1ncfort. Interpretaci\u00f3n consecutiva. \u00c1reas: Econom\u00eda y finanzas m\u00e1s Derecho.\" \/>\n<meta property=\"og:url\" content=\"http:\/\/blasco-traducciones.de\/2025\/es\/inicio\/\" \/>\n<meta property=\"og:site_name\" content=\"Blasco Traducciones\" \/>\n<meta property=\"article:modified_time\" content=\"2025-08-22T07:24:28+00:00\" \/>\n<meta property=\"og:image\" content=\"http:\/\/blasco-traducciones.de\/2025\/wp-content\/uploads\/2025\/07\/pexels-bohlemedia-1124460-retocada-scaled.jpg\" \/>\n\t<meta property=\"og:image:width\" content=\"2560\" \/>\n\t<meta property=\"og:image:height\" content=\"1707\" \/>\n\t<meta property=\"og:image:type\" content=\"image\/jpeg\" \/>\n<meta name=\"twitter:card\" content=\"summary_large_image\" \/>\n<meta name=\"twitter:label1\" content=\"Est. reading time\" \/>\n\t<meta name=\"twitter:data1\" content=\"2 minutes\" \/>\n<script type=\"application\/ld+json\" class=\"yoast-schema-graph\">{\"@context\":\"https:\/\/schema.org\",\"@graph\":[{\"@type\":\"WebPage\",\"@id\":\"http:\/\/blasco-traducciones.de\/2025\/es\/inicio\/\",\"url\":\"http:\/\/blasco-traducciones.de\/2025\/es\/inicio\/\",\"name\":\"Home - Blasco Traducciones - Espa\u00f1ol &lt;-&gt; Deutsch\",\"isPartOf\":{\"@id\":\"http:\/\/blasco-traducciones.de\/2025\/#website\"},\"primaryImageOfPage\":{\"@id\":\"http:\/\/blasco-traducciones.de\/2025\/es\/inicio\/#primaryimage\"},\"image\":{\"@id\":\"http:\/\/blasco-traducciones.de\/2025\/es\/inicio\/#primaryimage\"},\"thumbnailUrl\":\"http:\/\/blasco-traducciones.de\/2025\/wp-content\/uploads\/2025\/07\/pexels-bohlemedia-1124460-retocada-scaled.jpg\",\"datePublished\":\"2025-07-23T01:17:24+00:00\",\"dateModified\":\"2025-08-22T07:24:28+00:00\",\"description\":\"Servicios: Traducciones juradas alem\u00e1n espa\u00f1ol en Fr\u00e1ncfort. Interpretaci\u00f3n consecutiva. \u00c1reas: Econom\u00eda y finanzas m\u00e1s Derecho.\",\"breadcrumb\":{\"@id\":\"http:\/\/blasco-traducciones.de\/2025\/es\/inicio\/#breadcrumb\"},\"inLanguage\":\"en-US\",\"potentialAction\":[{\"@type\":\"ReadAction\",\"target\":[\"http:\/\/blasco-traducciones.de\/2025\/es\/inicio\/\"]}]},{\"@type\":\"ImageObject\",\"inLanguage\":\"en-US\",\"@id\":\"http:\/\/blasco-traducciones.de\/2025\/es\/inicio\/#primaryimage\",\"url\":\"http:\/\/blasco-traducciones.de\/2025\/wp-content\/uploads\/2025\/07\/pexels-bohlemedia-1124460-retocada-scaled.jpg\",\"contentUrl\":\"http:\/\/blasco-traducciones.de\/2025\/wp-content\/uploads\/2025\/07\/pexels-bohlemedia-1124460-retocada-scaled.jpg\",\"width\":2560,\"height\":1707},{\"@type\":\"BreadcrumbList\",\"@id\":\"http:\/\/blasco-traducciones.de\/2025\/es\/inicio\/#breadcrumb\",\"itemListElement\":[{\"@type\":\"ListItem\",\"position\":1,\"name\":\"Home\",\"item\":\"http:\/\/blasco-traducciones.de\/2025\/en\/home\/\"},{\"@type\":\"ListItem\",\"position\":2,\"name\":\"INICIO\"}]},{\"@type\":\"WebSite\",\"@id\":\"http:\/\/blasco-traducciones.de\/2025\/#website\",\"url\":\"http:\/\/blasco-traducciones.de\/2025\/\",\"name\":\"Blasco Traducciones\",\"description\":\"Espa\u00f1ol &lt;-&gt; Deutsch\",\"publisher\":{\"@id\":\"http:\/\/blasco-traducciones.de\/2025\/#organization\"},\"potentialAction\":[{\"@type\":\"SearchAction\",\"target\":{\"@type\":\"EntryPoint\",\"urlTemplate\":\"http:\/\/blasco-traducciones.de\/2025\/?s={search_term_string}\"},\"query-input\":{\"@type\":\"PropertyValueSpecification\",\"valueRequired\":true,\"valueName\":\"search_term_string\"}}],\"inLanguage\":\"en-US\"},{\"@type\":\"Organization\",\"@id\":\"http:\/\/blasco-traducciones.de\/2025\/#organization\",\"name\":\"Blasco Traducciones\",\"url\":\"http:\/\/blasco-traducciones.de\/2025\/\",\"logo\":{\"@type\":\"ImageObject\",\"inLanguage\":\"en-US\",\"@id\":\"http:\/\/blasco-traducciones.de\/2025\/#\/schema\/logo\/image\/\",\"url\":\"\",\"contentUrl\":\"\",\"caption\":\"Blasco Traducciones\"},\"image\":{\"@id\":\"http:\/\/blasco-traducciones.de\/2025\/#\/schema\/logo\/image\/\"}}]}<\/script>\n<!-- \/ Yoast SEO plugin. -->","yoast_head_json":{"title":"Home - Blasco Traducciones - Espa\u00f1ol &lt;-&gt; Deutsch","description":"Servicios: Traducciones juradas alem\u00e1n espa\u00f1ol en Fr\u00e1ncfort. Interpretaci\u00f3n consecutiva. \u00c1reas: Econom\u00eda y finanzas m\u00e1s Derecho.","robots":{"index":"index","follow":"follow","max-snippet":"max-snippet:-1","max-image-preview":"max-image-preview:large","max-video-preview":"max-video-preview:-1"},"canonical":"http:\/\/blasco-traducciones.de\/2025\/es\/inicio\/","og_locale":"en_US","og_type":"article","og_title":"Home - Blasco Traducciones - Espa\u00f1ol &lt;-&gt; Deutsch","og_description":"Servicios: Traducciones juradas alem\u00e1n espa\u00f1ol en Fr\u00e1ncfort. Interpretaci\u00f3n consecutiva. \u00c1reas: Econom\u00eda y finanzas m\u00e1s Derecho.","og_url":"http:\/\/blasco-traducciones.de\/2025\/es\/inicio\/","og_site_name":"Blasco Traducciones","article_modified_time":"2025-08-22T07:24:28+00:00","og_image":[{"width":2560,"height":1707,"url":"http:\/\/blasco-traducciones.de\/2025\/wp-content\/uploads\/2025\/07\/pexels-bohlemedia-1124460-retocada-scaled.jpg","type":"image\/jpeg"}],"twitter_card":"summary_large_image","twitter_misc":{"Est. reading time":"2 minutes"},"schema":{"@context":"https:\/\/schema.org","@graph":[{"@type":"WebPage","@id":"http:\/\/blasco-traducciones.de\/2025\/es\/inicio\/","url":"http:\/\/blasco-traducciones.de\/2025\/es\/inicio\/","name":"Home - Blasco Traducciones - Espa\u00f1ol &lt;-&gt; Deutsch","isPartOf":{"@id":"http:\/\/blasco-traducciones.de\/2025\/#website"},"primaryImageOfPage":{"@id":"http:\/\/blasco-traducciones.de\/2025\/es\/inicio\/#primaryimage"},"image":{"@id":"http:\/\/blasco-traducciones.de\/2025\/es\/inicio\/#primaryimage"},"thumbnailUrl":"http:\/\/blasco-traducciones.de\/2025\/wp-content\/uploads\/2025\/07\/pexels-bohlemedia-1124460-retocada-scaled.jpg","datePublished":"2025-07-23T01:17:24+00:00","dateModified":"2025-08-22T07:24:28+00:00","description":"Servicios: Traducciones juradas alem\u00e1n espa\u00f1ol en Fr\u00e1ncfort. Interpretaci\u00f3n consecutiva. \u00c1reas: Econom\u00eda y finanzas m\u00e1s Derecho.","breadcrumb":{"@id":"http:\/\/blasco-traducciones.de\/2025\/es\/inicio\/#breadcrumb"},"inLanguage":"en-US","potentialAction":[{"@type":"ReadAction","target":["http:\/\/blasco-traducciones.de\/2025\/es\/inicio\/"]}]},{"@type":"ImageObject","inLanguage":"en-US","@id":"http:\/\/blasco-traducciones.de\/2025\/es\/inicio\/#primaryimage","url":"http:\/\/blasco-traducciones.de\/2025\/wp-content\/uploads\/2025\/07\/pexels-bohlemedia-1124460-retocada-scaled.jpg","contentUrl":"http:\/\/blasco-traducciones.de\/2025\/wp-content\/uploads\/2025\/07\/pexels-bohlemedia-1124460-retocada-scaled.jpg","width":2560,"height":1707},{"@type":"BreadcrumbList","@id":"http:\/\/blasco-traducciones.de\/2025\/es\/inicio\/#breadcrumb","itemListElement":[{"@type":"ListItem","position":1,"name":"Home","item":"http:\/\/blasco-traducciones.de\/2025\/en\/home\/"},{"@type":"ListItem","position":2,"name":"INICIO"}]},{"@type":"WebSite","@id":"http:\/\/blasco-traducciones.de\/2025\/#website","url":"http:\/\/blasco-traducciones.de\/2025\/","name":"Blasco Traducciones","description":"Espa\u00f1ol &lt;-&gt; Deutsch","publisher":{"@id":"http:\/\/blasco-traducciones.de\/2025\/#organization"},"potentialAction":[{"@type":"SearchAction","target":{"@type":"EntryPoint","urlTemplate":"http:\/\/blasco-traducciones.de\/2025\/?s={search_term_string}"},"query-input":{"@type":"PropertyValueSpecification","valueRequired":true,"valueName":"search_term_string"}}],"inLanguage":"en-US"},{"@type":"Organization","@id":"http:\/\/blasco-traducciones.de\/2025\/#organization","name":"Blasco Traducciones","url":"http:\/\/blasco-traducciones.de\/2025\/","logo":{"@type":"ImageObject","inLanguage":"en-US","@id":"http:\/\/blasco-traducciones.de\/2025\/#\/schema\/logo\/image\/","url":"","contentUrl":"","caption":"Blasco Traducciones"},"image":{"@id":"http:\/\/blasco-traducciones.de\/2025\/#\/schema\/logo\/image\/"}}]}},"uagb_featured_image_src":{"full":false,"thumbnail":false,"medium":false,"medium_large":false,"large":false,"1536x1536":false,"2048x2048":false},"uagb_author_info":{"display_name":"is","author_link":"http:\/\/blasco-traducciones.de\/2025\/author\/is\/"},"uagb_comment_info":0,"uagb_excerpt":"SERVICIOS Traducciones juradas alem\u00e1n-espa\u00f1ol-alem\u00e1n Traducciones generales alem\u00e1n-espa\u00f1ol-alem\u00e1n Interpretaci\u00f3n consecutiva alem\u00e1n-espa\u00f1ol-alem\u00e1n COMPETENCIA PROFESIONAL M\u00e1s de 25 a\u00f1os de experiencia como traductor \u00c1reas de especialidad: econom\u00eda, finanzas, derecho y algunos campos de la t\u00e9cnica y de las ciencias naturales. TITULACIONES Y CUALIFICACIONES Traductor jurado ante los tribunales y notarios en el Estado de Hesse para toda Alemania&hellip;","_links":{"self":[{"href":"http:\/\/blasco-traducciones.de\/2025\/wp-json\/wp\/v2\/pages\/3180","targetHints":{"allow":["GET"]}}],"collection":[{"href":"http:\/\/blasco-traducciones.de\/2025\/wp-json\/wp\/v2\/pages"}],"about":[{"href":"http:\/\/blasco-traducciones.de\/2025\/wp-json\/wp\/v2\/types\/page"}],"author":[{"embeddable":true,"href":"http:\/\/blasco-traducciones.de\/2025\/wp-json\/wp\/v2\/users\/1"}],"replies":[{"embeddable":true,"href":"http:\/\/blasco-traducciones.de\/2025\/wp-json\/wp\/v2\/comments?post=3180"}],"version-history":[{"count":5,"href":"http:\/\/blasco-traducciones.de\/2025\/wp-json\/wp\/v2\/pages\/3180\/revisions"}],"predecessor-version":[{"id":3378,"href":"http:\/\/blasco-traducciones.de\/2025\/wp-json\/wp\/v2\/pages\/3180\/revisions\/3378"}],"wp:attachment":[{"href":"http:\/\/blasco-traducciones.de\/2025\/wp-json\/wp\/v2\/media?parent=3180"}],"curies":[{"name":"wp","href":"https:\/\/api.w.org\/{rel}","templated":true}]}}