{"id":3126,"date":"2025-07-23T00:50:45","date_gmt":"2025-07-22T22:50:45","guid":{"rendered":"http:\/\/blasco-traducciones.de\/2025\/?page_id=3126"},"modified":"2025-08-14T08:18:31","modified_gmt":"2025-08-14T06:18:31","slug":"servicios","status":"publish","type":"page","link":"http:\/\/blasco-traducciones.de\/2025\/es\/servicios\/","title":{"rendered":"SERVICIOS"},"content":{"rendered":"\n<p class=\"has-vivid-red-color has-text-color has-link-color wp-elements-c5dfc297ae4c10822a1d260fea3b1504\" style=\"font-size:30px\">Servicios<\/p>\n\n\n\n<p class=\"has-vivid-red-color has-text-color has-link-color has-medium-font-size wp-elements-061594a15c6d16e424e8c3bcf851bc1c\">TRADUCCIONES<\/p>\n\n\n\n<p>\u2013 Traducciones juradas alem\u00e1n-espa\u00f1ol-alem\u00e1n<\/p>\n\n\n\n<p>\u2013 Traducciones generales alem\u00e1n-espa\u00f1ol-alem\u00e1n.<\/p>\n\n\n\n<p>\u2013 \u00c1reas de especialidad: econom\u00eda, finanzas, derecho y algunos campos de la t\u00e9cnica y de las ciencias naturales.<\/p>\n\n\n\n<p>\u2013 Programas inform\u00e1ticos: aplicaciones de Microsoft Office, Trados, Trados-Studio y Transit.<\/p>\n\n\n\n<p class=\"has-vivid-red-color has-text-color has-link-color has-medium-font-size wp-elements-3c275873089355ddf0c5400535bd3008\">TRADUCCIONES JURADAS<\/p>\n\n\n\n<p>En mi car\u00e1cter de traductor oficial jurado para los Tribunales y Notarios en el Estado de Hesse y en Alemania registrado en el tribunal regional de Frankfurt. estoy facultado para realizar traducciones oficiales juradas, es decir, para dar fe de la autenticidad e integridad de traducciones de documentos del espa\u00f1ol al alem\u00e1n y del alem\u00e1n al espa\u00f1ol.<\/p>\n\n\n\n<p class=\"has-vivid-red-color has-text-color has-link-color has-medium-font-size wp-elements-b1239ffb5ad5e786c565a947e23f13c2\">INTERPRETACI\u00d3N CONSECUTIVA (ALEM\u00c1N &lt;-&gt; ESPA\u00d1OL)<\/p>\n\n\n\n<p>Interpretaci\u00f3n consecutiva: En este tipo de interpretaci\u00f3n, el int\u00e9rprete, situado junto a los oradores, toma notas del contenido de una intervenci\u00f3n, que puede alargarse varios minutos, y seguidamente reproduce el discurso en el otro idioma. <\/p>\n\n\n\n<p>Como traductor jurado puedo intervenir como int\u00e9rprete por ejemplo en tr\u00e1mites ante el registro civil (casamientos, reconocimientos de paternidad, etc.), ante notariados (contratos de compraventa de inmuebles, otorgamiento de poderes, etc.) o ante consulados (otorgamiento de poderes, etc.).<\/p>\n\n\n\n<p><\/p>\n","protected":false},"excerpt":{"rendered":"<p>Servicios TRADUCCIONES \u2013 Traducciones juradas alem\u00e1n-espa\u00f1ol-alem\u00e1n \u2013 Traducciones generales alem\u00e1n-espa\u00f1ol-alem\u00e1n. \u2013 \u00c1reas de especialidad: econom\u00eda, finanzas, derecho y algunos campos de la t\u00e9cnica y de las ciencias naturales. \u2013 Programas inform\u00e1ticos: aplicaciones de Microsoft Office, Trados, Trados-Studio y Transit. TRADUCCIONES JURADAS En mi car\u00e1cter de traductor oficial jurado para los Tribunales y Notarios en el [&hellip;]<\/p>\n","protected":false},"author":1,"featured_media":0,"parent":0,"menu_order":0,"comment_status":"closed","ping_status":"closed","template":"","meta":{"_uag_custom_page_level_css":"","site-sidebar-layout":"default","site-content-layout":"","ast-site-content-layout":"default","site-content-style":"default","site-sidebar-style":"default","ast-global-header-display":"","ast-banner-title-visibility":"","ast-main-header-display":"","ast-hfb-above-header-display":"","ast-hfb-below-header-display":"","ast-hfb-mobile-header-display":"","site-post-title":"disabled","ast-breadcrumbs-content":"","ast-featured-img":"","footer-sml-layout":"","theme-transparent-header-meta":"","adv-header-id-meta":"","stick-header-meta":"","header-above-stick-meta":"","header-main-stick-meta":"","header-below-stick-meta":"","astra-migrate-meta-layouts":"set","ast-page-background-enabled":"default","ast-page-background-meta":{"desktop":{"background-color":"var(--ast-global-color-4)","background-image":"","background-repeat":"repeat","background-position":"center center","background-size":"auto","background-attachment":"scroll","background-type":"","background-media":"","overlay-type":"","overlay-color":"","overlay-opacity":"","overlay-gradient":""},"tablet":{"background-color":"","background-image":"","background-repeat":"repeat","background-position":"center center","background-size":"auto","background-attachment":"scroll","background-type":"","background-media":"","overlay-type":"","overlay-color":"","overlay-opacity":"","overlay-gradient":""},"mobile":{"background-color":"","background-image":"","background-repeat":"repeat","background-position":"center center","background-size":"auto","background-attachment":"scroll","background-type":"","background-media":"","overlay-type":"","overlay-color":"","overlay-opacity":"","overlay-gradient":""}},"ast-content-background-meta":{"desktop":{"background-color":"var(--ast-global-color-5)","background-image":"","background-repeat":"repeat","background-position":"center center","background-size":"auto","background-attachment":"scroll","background-type":"","background-media":"","overlay-type":"","overlay-color":"","overlay-opacity":"","overlay-gradient":""},"tablet":{"background-color":"var(--ast-global-color-5)","background-image":"","background-repeat":"repeat","background-position":"center center","background-size":"auto","background-attachment":"scroll","background-type":"","background-media":"","overlay-type":"","overlay-color":"","overlay-opacity":"","overlay-gradient":""},"mobile":{"background-color":"var(--ast-global-color-5)","background-image":"","background-repeat":"repeat","background-position":"center center","background-size":"auto","background-attachment":"scroll","background-type":"","background-media":"","overlay-type":"","overlay-color":"","overlay-opacity":"","overlay-gradient":""}},"footnotes":""},"class_list":["post-3126","page","type-page","status-publish","hentry"],"yoast_head":"<!-- This site is optimized with the Yoast SEO plugin v26.2 - https:\/\/yoast.com\/wordpress\/plugins\/seo\/ -->\n<title>SERVICIOS - Blasco Traducciones<\/title>\n<meta name=\"description\" content=\"Traducciones juradas alem\u00e1n-espa\u00f1ol-alem\u00e1n en Fr\u00e1ncfort. Interpretaci\u00f3n consecutiva alem\u00e1n-espa\u00f1ol-alem\u00e1n.\" \/>\n<meta name=\"robots\" content=\"index, follow, max-snippet:-1, max-image-preview:large, max-video-preview:-1\" \/>\n<link rel=\"canonical\" href=\"http:\/\/blasco-traducciones.de\/2025\/es\/servicios\/\" \/>\n<meta property=\"og:locale\" content=\"en_US\" \/>\n<meta property=\"og:type\" content=\"article\" \/>\n<meta property=\"og:title\" content=\"SERVICIOS - Blasco Traducciones\" \/>\n<meta property=\"og:description\" content=\"Traducciones juradas alem\u00e1n-espa\u00f1ol-alem\u00e1n en Fr\u00e1ncfort. Interpretaci\u00f3n consecutiva alem\u00e1n-espa\u00f1ol-alem\u00e1n.\" \/>\n<meta property=\"og:url\" content=\"http:\/\/blasco-traducciones.de\/2025\/es\/servicios\/\" \/>\n<meta property=\"og:site_name\" content=\"Blasco Traducciones\" \/>\n<meta property=\"article:modified_time\" content=\"2025-08-14T06:18:31+00:00\" \/>\n<meta name=\"twitter:card\" content=\"summary_large_image\" \/>\n<meta name=\"twitter:label1\" content=\"Est. reading time\" \/>\n\t<meta name=\"twitter:data1\" content=\"1 minute\" \/>\n<script type=\"application\/ld+json\" class=\"yoast-schema-graph\">{\"@context\":\"https:\/\/schema.org\",\"@graph\":[{\"@type\":\"WebPage\",\"@id\":\"http:\/\/blasco-traducciones.de\/2025\/es\/servicios\/\",\"url\":\"http:\/\/blasco-traducciones.de\/2025\/es\/servicios\/\",\"name\":\"SERVICIOS - Blasco Traducciones\",\"isPartOf\":{\"@id\":\"http:\/\/blasco-traducciones.de\/2025\/#website\"},\"datePublished\":\"2025-07-22T22:50:45+00:00\",\"dateModified\":\"2025-08-14T06:18:31+00:00\",\"description\":\"Traducciones juradas alem\u00e1n-espa\u00f1ol-alem\u00e1n en Fr\u00e1ncfort. Interpretaci\u00f3n consecutiva alem\u00e1n-espa\u00f1ol-alem\u00e1n.\",\"breadcrumb\":{\"@id\":\"http:\/\/blasco-traducciones.de\/2025\/es\/servicios\/#breadcrumb\"},\"inLanguage\":\"en-US\",\"potentialAction\":[{\"@type\":\"ReadAction\",\"target\":[\"http:\/\/blasco-traducciones.de\/2025\/es\/servicios\/\"]}]},{\"@type\":\"BreadcrumbList\",\"@id\":\"http:\/\/blasco-traducciones.de\/2025\/es\/servicios\/#breadcrumb\",\"itemListElement\":[{\"@type\":\"ListItem\",\"position\":1,\"name\":\"Home\",\"item\":\"http:\/\/blasco-traducciones.de\/2025\/en\/home\/\"},{\"@type\":\"ListItem\",\"position\":2,\"name\":\"SERVICIOS\"}]},{\"@type\":\"WebSite\",\"@id\":\"http:\/\/blasco-traducciones.de\/2025\/#website\",\"url\":\"http:\/\/blasco-traducciones.de\/2025\/\",\"name\":\"Blasco Traducciones\",\"description\":\"Espa\u00f1ol &lt;-&gt; Deutsch\",\"publisher\":{\"@id\":\"http:\/\/blasco-traducciones.de\/2025\/#organization\"},\"potentialAction\":[{\"@type\":\"SearchAction\",\"target\":{\"@type\":\"EntryPoint\",\"urlTemplate\":\"http:\/\/blasco-traducciones.de\/2025\/?s={search_term_string}\"},\"query-input\":{\"@type\":\"PropertyValueSpecification\",\"valueRequired\":true,\"valueName\":\"search_term_string\"}}],\"inLanguage\":\"en-US\"},{\"@type\":\"Organization\",\"@id\":\"http:\/\/blasco-traducciones.de\/2025\/#organization\",\"name\":\"Blasco Traducciones\",\"url\":\"http:\/\/blasco-traducciones.de\/2025\/\",\"logo\":{\"@type\":\"ImageObject\",\"inLanguage\":\"en-US\",\"@id\":\"http:\/\/blasco-traducciones.de\/2025\/#\/schema\/logo\/image\/\",\"url\":\"\",\"contentUrl\":\"\",\"caption\":\"Blasco Traducciones\"},\"image\":{\"@id\":\"http:\/\/blasco-traducciones.de\/2025\/#\/schema\/logo\/image\/\"}}]}<\/script>\n<!-- \/ Yoast SEO plugin. -->","yoast_head_json":{"title":"SERVICIOS - Blasco Traducciones","description":"Traducciones juradas alem\u00e1n-espa\u00f1ol-alem\u00e1n en Fr\u00e1ncfort. Interpretaci\u00f3n consecutiva alem\u00e1n-espa\u00f1ol-alem\u00e1n.","robots":{"index":"index","follow":"follow","max-snippet":"max-snippet:-1","max-image-preview":"max-image-preview:large","max-video-preview":"max-video-preview:-1"},"canonical":"http:\/\/blasco-traducciones.de\/2025\/es\/servicios\/","og_locale":"en_US","og_type":"article","og_title":"SERVICIOS - Blasco Traducciones","og_description":"Traducciones juradas alem\u00e1n-espa\u00f1ol-alem\u00e1n en Fr\u00e1ncfort. Interpretaci\u00f3n consecutiva alem\u00e1n-espa\u00f1ol-alem\u00e1n.","og_url":"http:\/\/blasco-traducciones.de\/2025\/es\/servicios\/","og_site_name":"Blasco Traducciones","article_modified_time":"2025-08-14T06:18:31+00:00","twitter_card":"summary_large_image","twitter_misc":{"Est. reading time":"1 minute"},"schema":{"@context":"https:\/\/schema.org","@graph":[{"@type":"WebPage","@id":"http:\/\/blasco-traducciones.de\/2025\/es\/servicios\/","url":"http:\/\/blasco-traducciones.de\/2025\/es\/servicios\/","name":"SERVICIOS - Blasco Traducciones","isPartOf":{"@id":"http:\/\/blasco-traducciones.de\/2025\/#website"},"datePublished":"2025-07-22T22:50:45+00:00","dateModified":"2025-08-14T06:18:31+00:00","description":"Traducciones juradas alem\u00e1n-espa\u00f1ol-alem\u00e1n en Fr\u00e1ncfort. Interpretaci\u00f3n consecutiva alem\u00e1n-espa\u00f1ol-alem\u00e1n.","breadcrumb":{"@id":"http:\/\/blasco-traducciones.de\/2025\/es\/servicios\/#breadcrumb"},"inLanguage":"en-US","potentialAction":[{"@type":"ReadAction","target":["http:\/\/blasco-traducciones.de\/2025\/es\/servicios\/"]}]},{"@type":"BreadcrumbList","@id":"http:\/\/blasco-traducciones.de\/2025\/es\/servicios\/#breadcrumb","itemListElement":[{"@type":"ListItem","position":1,"name":"Home","item":"http:\/\/blasco-traducciones.de\/2025\/en\/home\/"},{"@type":"ListItem","position":2,"name":"SERVICIOS"}]},{"@type":"WebSite","@id":"http:\/\/blasco-traducciones.de\/2025\/#website","url":"http:\/\/blasco-traducciones.de\/2025\/","name":"Blasco Traducciones","description":"Espa\u00f1ol &lt;-&gt; Deutsch","publisher":{"@id":"http:\/\/blasco-traducciones.de\/2025\/#organization"},"potentialAction":[{"@type":"SearchAction","target":{"@type":"EntryPoint","urlTemplate":"http:\/\/blasco-traducciones.de\/2025\/?s={search_term_string}"},"query-input":{"@type":"PropertyValueSpecification","valueRequired":true,"valueName":"search_term_string"}}],"inLanguage":"en-US"},{"@type":"Organization","@id":"http:\/\/blasco-traducciones.de\/2025\/#organization","name":"Blasco Traducciones","url":"http:\/\/blasco-traducciones.de\/2025\/","logo":{"@type":"ImageObject","inLanguage":"en-US","@id":"http:\/\/blasco-traducciones.de\/2025\/#\/schema\/logo\/image\/","url":"","contentUrl":"","caption":"Blasco Traducciones"},"image":{"@id":"http:\/\/blasco-traducciones.de\/2025\/#\/schema\/logo\/image\/"}}]}},"uagb_featured_image_src":{"full":false,"thumbnail":false,"medium":false,"medium_large":false,"large":false,"1536x1536":false,"2048x2048":false},"uagb_author_info":{"display_name":"is","author_link":"http:\/\/blasco-traducciones.de\/2025\/author\/is\/"},"uagb_comment_info":0,"uagb_excerpt":"Servicios TRADUCCIONES \u2013 Traducciones juradas alem\u00e1n-espa\u00f1ol-alem\u00e1n \u2013 Traducciones generales alem\u00e1n-espa\u00f1ol-alem\u00e1n. \u2013 \u00c1reas de especialidad: econom\u00eda, finanzas, derecho y algunos campos de la t\u00e9cnica y de las ciencias naturales. \u2013 Programas inform\u00e1ticos: aplicaciones de Microsoft Office, Trados, Trados-Studio y Transit. TRADUCCIONES JURADAS En mi car\u00e1cter de traductor oficial jurado para los Tribunales y Notarios en el&hellip;","_links":{"self":[{"href":"http:\/\/blasco-traducciones.de\/2025\/wp-json\/wp\/v2\/pages\/3126","targetHints":{"allow":["GET"]}}],"collection":[{"href":"http:\/\/blasco-traducciones.de\/2025\/wp-json\/wp\/v2\/pages"}],"about":[{"href":"http:\/\/blasco-traducciones.de\/2025\/wp-json\/wp\/v2\/types\/page"}],"author":[{"embeddable":true,"href":"http:\/\/blasco-traducciones.de\/2025\/wp-json\/wp\/v2\/users\/1"}],"replies":[{"embeddable":true,"href":"http:\/\/blasco-traducciones.de\/2025\/wp-json\/wp\/v2\/comments?post=3126"}],"version-history":[{"count":7,"href":"http:\/\/blasco-traducciones.de\/2025\/wp-json\/wp\/v2\/pages\/3126\/revisions"}],"predecessor-version":[{"id":3372,"href":"http:\/\/blasco-traducciones.de\/2025\/wp-json\/wp\/v2\/pages\/3126\/revisions\/3372"}],"wp:attachment":[{"href":"http:\/\/blasco-traducciones.de\/2025\/wp-json\/wp\/v2\/media?parent=3126"}],"curies":[{"name":"wp","href":"https:\/\/api.w.org\/{rel}","templated":true}]}}