{"id":2893,"date":"2024-11-21T21:49:11","date_gmt":"2024-11-21T20:49:11","guid":{"rendered":"http:\/\/blasco-traducciones.de\/2025\/?page_id=2893"},"modified":"2025-08-14T08:17:41","modified_gmt":"2025-08-14T06:17:41","slug":"leistungen","status":"publish","type":"page","link":"http:\/\/blasco-traducciones.de\/2025\/de\/leistungen\/","title":{"rendered":"LEISTUNGEN"},"content":{"rendered":"\n<p class=\"has-vivid-red-color has-text-color has-link-color wp-elements-2038b7fe9c316690f6aa4335784bf61d\" style=\"font-size:30px\">Leistungen<\/p>\n\n\n\n<p class=\"has-vivid-red-color has-text-color has-link-color has-medium-font-size wp-elements-6ee75c45069520e897174c50a6886a90\">\u00dcBERSETZUNGEN<\/p>\n\n\n\n<p>\u2013 Beglaubigte \u00dcbersetzungen Deutsch-Spanisch-Deutsch.<\/p>\n\n\n\n<p>\u2013 Allgemeine \u00dcbersetzungen  Deutsch-Spanisch-Deutsch.<\/p>\n\n\n\n<p>\u2013 Fachgebiete: Wirtschaft, Finanzen, Recht und einige Bereiche der Technik und Naturwissenschaften.<\/p>\n\n\n\n<p>\u2013 Softwareprogramme: Microsoft Office-Anwendungen, Trados, Trados-Studio und Transit.<\/p>\n\n\n\n<p class=\"has-vivid-red-color has-text-color has-link-color has-medium-font-size wp-elements-abfa7cfcf07454886bce906ac882d366\">BEGLAUBIGTE \u00dcBERSETZUNGEN<\/p>\n\n\n\n<p>Als \u00f6ffentlich bestellter und allgemein erm\u00e4chtigter \u00dcbersetzer der spanischen Sprache f\u00fcr Gerichte und Notare in Deutschland bin ich auch befugt, beglaubigte \u00dcbersetzungen anzufertigen, d. h. die Richtigkeit und Vollst\u00e4ndigkeit meiner \u00dcbersetzung zu bescheinigen.<\/p>\n\n\n\n<p class=\"has-vivid-red-color has-text-color has-link-color has-medium-font-size wp-elements-9fd3368c33aa836a5adab4dc64f1fbce\">DOLMETSCHEN (DEUTSCH &lt;-&gt; SPANISCH)<\/p>\n\n\n\n<p>Konsekutivdolmetschen und Gespr\u00e4chsdolmetschen: Bei dieser Art des Dolmetschens erfolgt die \u00dcbertragung k\u00fcrzerer oder l\u00e4ngerer Redeabschnitte oder Textpassagen in Gespr\u00e4chssituationen zeitversetzt meist anhand von Notizen nach dem Vortrag des Originaltextes. <\/p>\n\n\n\n<p>Als vereidigter \u00dcbersetzer darf ich beispielsweise bei Eheschlie\u00dfungen und Vaterschaftsanerkennungen vor dem Standesamt, bei Kaufvertr\u00e4gen f\u00fcr Immobilien und Vollmachten vor Notaren sowie bei der Erteilung von Vollmachten vor Konsulaten als Dolmetscher auftreten.<\/p>\n\n\n\n<p><\/p>\n","protected":false},"excerpt":{"rendered":"<p>Leistungen \u00dcBERSETZUNGEN \u2013 Beglaubigte \u00dcbersetzungen Deutsch-Spanisch-Deutsch. \u2013 Allgemeine \u00dcbersetzungen Deutsch-Spanisch-Deutsch. \u2013 Fachgebiete: Wirtschaft, Finanzen, Recht und einige Bereiche der Technik und Naturwissenschaften. \u2013 Softwareprogramme: Microsoft Office-Anwendungen, Trados, Trados-Studio und Transit. BEGLAUBIGTE \u00dcBERSETZUNGEN Als \u00f6ffentlich bestellter und allgemein erm\u00e4chtigter \u00dcbersetzer der spanischen Sprache f\u00fcr Gerichte und Notare in Deutschland bin ich auch befugt, beglaubigte \u00dcbersetzungen anzufertigen, [&hellip;]<\/p>\n","protected":false},"author":1,"featured_media":0,"parent":0,"menu_order":0,"comment_status":"closed","ping_status":"closed","template":"","meta":{"_uag_custom_page_level_css":"","site-sidebar-layout":"default","site-content-layout":"","ast-site-content-layout":"default","site-content-style":"default","site-sidebar-style":"default","ast-global-header-display":"","ast-banner-title-visibility":"","ast-main-header-display":"","ast-hfb-above-header-display":"","ast-hfb-below-header-display":"","ast-hfb-mobile-header-display":"","site-post-title":"disabled","ast-breadcrumbs-content":"","ast-featured-img":"","footer-sml-layout":"","theme-transparent-header-meta":"","adv-header-id-meta":"","stick-header-meta":"","header-above-stick-meta":"","header-main-stick-meta":"","header-below-stick-meta":"","astra-migrate-meta-layouts":"set","ast-page-background-enabled":"default","ast-page-background-meta":{"desktop":{"background-color":"var(--ast-global-color-4)","background-image":"","background-repeat":"repeat","background-position":"center center","background-size":"auto","background-attachment":"scroll","background-type":"","background-media":"","overlay-type":"","overlay-color":"","overlay-opacity":"","overlay-gradient":""},"tablet":{"background-color":"","background-image":"","background-repeat":"repeat","background-position":"center center","background-size":"auto","background-attachment":"scroll","background-type":"","background-media":"","overlay-type":"","overlay-color":"","overlay-opacity":"","overlay-gradient":""},"mobile":{"background-color":"","background-image":"","background-repeat":"repeat","background-position":"center center","background-size":"auto","background-attachment":"scroll","background-type":"","background-media":"","overlay-type":"","overlay-color":"","overlay-opacity":"","overlay-gradient":""}},"ast-content-background-meta":{"desktop":{"background-color":"var(--ast-global-color-5)","background-image":"","background-repeat":"repeat","background-position":"center center","background-size":"auto","background-attachment":"scroll","background-type":"","background-media":"","overlay-type":"","overlay-color":"","overlay-opacity":"","overlay-gradient":""},"tablet":{"background-color":"var(--ast-global-color-5)","background-image":"","background-repeat":"repeat","background-position":"center center","background-size":"auto","background-attachment":"scroll","background-type":"","background-media":"","overlay-type":"","overlay-color":"","overlay-opacity":"","overlay-gradient":""},"mobile":{"background-color":"var(--ast-global-color-5)","background-image":"","background-repeat":"repeat","background-position":"center center","background-size":"auto","background-attachment":"scroll","background-type":"","background-media":"","overlay-type":"","overlay-color":"","overlay-opacity":"","overlay-gradient":""}},"footnotes":""},"class_list":["post-2893","page","type-page","status-publish","hentry"],"yoast_head":"<!-- This site is optimized with the Yoast SEO plugin v26.2 - https:\/\/yoast.com\/wordpress\/plugins\/seo\/ -->\n<title>LEISTUNGEN - Blasco Traducciones<\/title>\n<meta name=\"description\" content=\"Beglaubigte \u00dcbersetzungen Deutsch-Spanisch-Deutsch in Frankfurt am Main. Konsekutivdolmetschen Deutsch-Spanisch-Deutsch. Fachgebiete: Wirtschaft &amp; Finanzen und Recht.\" \/>\n<meta name=\"robots\" content=\"index, follow, max-snippet:-1, max-image-preview:large, max-video-preview:-1\" \/>\n<link rel=\"canonical\" href=\"http:\/\/blasco-traducciones.de\/2025\/de\/leistungen\/\" \/>\n<meta property=\"og:locale\" content=\"en_US\" \/>\n<meta property=\"og:type\" content=\"article\" \/>\n<meta property=\"og:title\" content=\"LEISTUNGEN - Blasco Traducciones\" \/>\n<meta property=\"og:description\" content=\"Beglaubigte \u00dcbersetzungen Deutsch-Spanisch-Deutsch in Frankfurt am Main. Konsekutivdolmetschen Deutsch-Spanisch-Deutsch. Fachgebiete: Wirtschaft &amp; Finanzen und Recht.\" \/>\n<meta property=\"og:url\" content=\"http:\/\/blasco-traducciones.de\/2025\/de\/leistungen\/\" \/>\n<meta property=\"og:site_name\" content=\"Blasco Traducciones\" \/>\n<meta property=\"article:modified_time\" content=\"2025-08-14T06:17:41+00:00\" \/>\n<meta name=\"twitter:card\" content=\"summary_large_image\" \/>\n<meta name=\"twitter:label1\" content=\"Est. reading time\" \/>\n\t<meta name=\"twitter:data1\" content=\"1 minute\" \/>\n<script type=\"application\/ld+json\" class=\"yoast-schema-graph\">{\"@context\":\"https:\/\/schema.org\",\"@graph\":[{\"@type\":\"WebPage\",\"@id\":\"http:\/\/blasco-traducciones.de\/2025\/de\/leistungen\/\",\"url\":\"http:\/\/blasco-traducciones.de\/2025\/de\/leistungen\/\",\"name\":\"LEISTUNGEN - Blasco Traducciones\",\"isPartOf\":{\"@id\":\"http:\/\/blasco-traducciones.de\/2025\/#website\"},\"datePublished\":\"2024-11-21T20:49:11+00:00\",\"dateModified\":\"2025-08-14T06:17:41+00:00\",\"description\":\"Beglaubigte \u00dcbersetzungen Deutsch-Spanisch-Deutsch in Frankfurt am Main. Konsekutivdolmetschen Deutsch-Spanisch-Deutsch. Fachgebiete: Wirtschaft & Finanzen und Recht.\",\"breadcrumb\":{\"@id\":\"http:\/\/blasco-traducciones.de\/2025\/de\/leistungen\/#breadcrumb\"},\"inLanguage\":\"en-US\",\"potentialAction\":[{\"@type\":\"ReadAction\",\"target\":[\"http:\/\/blasco-traducciones.de\/2025\/de\/leistungen\/\"]}]},{\"@type\":\"BreadcrumbList\",\"@id\":\"http:\/\/blasco-traducciones.de\/2025\/de\/leistungen\/#breadcrumb\",\"itemListElement\":[{\"@type\":\"ListItem\",\"position\":1,\"name\":\"Home\",\"item\":\"http:\/\/blasco-traducciones.de\/2025\/en\/home\/\"},{\"@type\":\"ListItem\",\"position\":2,\"name\":\"LEISTUNGEN\"}]},{\"@type\":\"WebSite\",\"@id\":\"http:\/\/blasco-traducciones.de\/2025\/#website\",\"url\":\"http:\/\/blasco-traducciones.de\/2025\/\",\"name\":\"Blasco Traducciones\",\"description\":\"Espa\u00f1ol &lt;-&gt; Deutsch\",\"publisher\":{\"@id\":\"http:\/\/blasco-traducciones.de\/2025\/#organization\"},\"potentialAction\":[{\"@type\":\"SearchAction\",\"target\":{\"@type\":\"EntryPoint\",\"urlTemplate\":\"http:\/\/blasco-traducciones.de\/2025\/?s={search_term_string}\"},\"query-input\":{\"@type\":\"PropertyValueSpecification\",\"valueRequired\":true,\"valueName\":\"search_term_string\"}}],\"inLanguage\":\"en-US\"},{\"@type\":\"Organization\",\"@id\":\"http:\/\/blasco-traducciones.de\/2025\/#organization\",\"name\":\"Blasco Traducciones\",\"url\":\"http:\/\/blasco-traducciones.de\/2025\/\",\"logo\":{\"@type\":\"ImageObject\",\"inLanguage\":\"en-US\",\"@id\":\"http:\/\/blasco-traducciones.de\/2025\/#\/schema\/logo\/image\/\",\"url\":\"\",\"contentUrl\":\"\",\"caption\":\"Blasco Traducciones\"},\"image\":{\"@id\":\"http:\/\/blasco-traducciones.de\/2025\/#\/schema\/logo\/image\/\"}}]}<\/script>\n<!-- \/ Yoast SEO plugin. -->","yoast_head_json":{"title":"LEISTUNGEN - Blasco Traducciones","description":"Beglaubigte \u00dcbersetzungen Deutsch-Spanisch-Deutsch in Frankfurt am Main. Konsekutivdolmetschen Deutsch-Spanisch-Deutsch. Fachgebiete: Wirtschaft & Finanzen und Recht.","robots":{"index":"index","follow":"follow","max-snippet":"max-snippet:-1","max-image-preview":"max-image-preview:large","max-video-preview":"max-video-preview:-1"},"canonical":"http:\/\/blasco-traducciones.de\/2025\/de\/leistungen\/","og_locale":"en_US","og_type":"article","og_title":"LEISTUNGEN - Blasco Traducciones","og_description":"Beglaubigte \u00dcbersetzungen Deutsch-Spanisch-Deutsch in Frankfurt am Main. Konsekutivdolmetschen Deutsch-Spanisch-Deutsch. Fachgebiete: Wirtschaft & Finanzen und Recht.","og_url":"http:\/\/blasco-traducciones.de\/2025\/de\/leistungen\/","og_site_name":"Blasco Traducciones","article_modified_time":"2025-08-14T06:17:41+00:00","twitter_card":"summary_large_image","twitter_misc":{"Est. reading time":"1 minute"},"schema":{"@context":"https:\/\/schema.org","@graph":[{"@type":"WebPage","@id":"http:\/\/blasco-traducciones.de\/2025\/de\/leistungen\/","url":"http:\/\/blasco-traducciones.de\/2025\/de\/leistungen\/","name":"LEISTUNGEN - Blasco Traducciones","isPartOf":{"@id":"http:\/\/blasco-traducciones.de\/2025\/#website"},"datePublished":"2024-11-21T20:49:11+00:00","dateModified":"2025-08-14T06:17:41+00:00","description":"Beglaubigte \u00dcbersetzungen Deutsch-Spanisch-Deutsch in Frankfurt am Main. Konsekutivdolmetschen Deutsch-Spanisch-Deutsch. Fachgebiete: Wirtschaft & Finanzen und Recht.","breadcrumb":{"@id":"http:\/\/blasco-traducciones.de\/2025\/de\/leistungen\/#breadcrumb"},"inLanguage":"en-US","potentialAction":[{"@type":"ReadAction","target":["http:\/\/blasco-traducciones.de\/2025\/de\/leistungen\/"]}]},{"@type":"BreadcrumbList","@id":"http:\/\/blasco-traducciones.de\/2025\/de\/leistungen\/#breadcrumb","itemListElement":[{"@type":"ListItem","position":1,"name":"Home","item":"http:\/\/blasco-traducciones.de\/2025\/en\/home\/"},{"@type":"ListItem","position":2,"name":"LEISTUNGEN"}]},{"@type":"WebSite","@id":"http:\/\/blasco-traducciones.de\/2025\/#website","url":"http:\/\/blasco-traducciones.de\/2025\/","name":"Blasco Traducciones","description":"Espa\u00f1ol &lt;-&gt; Deutsch","publisher":{"@id":"http:\/\/blasco-traducciones.de\/2025\/#organization"},"potentialAction":[{"@type":"SearchAction","target":{"@type":"EntryPoint","urlTemplate":"http:\/\/blasco-traducciones.de\/2025\/?s={search_term_string}"},"query-input":{"@type":"PropertyValueSpecification","valueRequired":true,"valueName":"search_term_string"}}],"inLanguage":"en-US"},{"@type":"Organization","@id":"http:\/\/blasco-traducciones.de\/2025\/#organization","name":"Blasco Traducciones","url":"http:\/\/blasco-traducciones.de\/2025\/","logo":{"@type":"ImageObject","inLanguage":"en-US","@id":"http:\/\/blasco-traducciones.de\/2025\/#\/schema\/logo\/image\/","url":"","contentUrl":"","caption":"Blasco Traducciones"},"image":{"@id":"http:\/\/blasco-traducciones.de\/2025\/#\/schema\/logo\/image\/"}}]}},"uagb_featured_image_src":{"full":false,"thumbnail":false,"medium":false,"medium_large":false,"large":false,"1536x1536":false,"2048x2048":false},"uagb_author_info":{"display_name":"is","author_link":"http:\/\/blasco-traducciones.de\/2025\/author\/is\/"},"uagb_comment_info":0,"uagb_excerpt":"Leistungen \u00dcBERSETZUNGEN \u2013 Beglaubigte \u00dcbersetzungen Deutsch-Spanisch-Deutsch. \u2013 Allgemeine \u00dcbersetzungen Deutsch-Spanisch-Deutsch. \u2013 Fachgebiete: Wirtschaft, Finanzen, Recht und einige Bereiche der Technik und Naturwissenschaften. \u2013 Softwareprogramme: Microsoft Office-Anwendungen, Trados, Trados-Studio und Transit. BEGLAUBIGTE \u00dcBERSETZUNGEN Als \u00f6ffentlich bestellter und allgemein erm\u00e4chtigter \u00dcbersetzer der spanischen Sprache f\u00fcr Gerichte und Notare in Deutschland bin ich auch befugt, beglaubigte \u00dcbersetzungen anzufertigen,&hellip;","_links":{"self":[{"href":"http:\/\/blasco-traducciones.de\/2025\/wp-json\/wp\/v2\/pages\/2893","targetHints":{"allow":["GET"]}}],"collection":[{"href":"http:\/\/blasco-traducciones.de\/2025\/wp-json\/wp\/v2\/pages"}],"about":[{"href":"http:\/\/blasco-traducciones.de\/2025\/wp-json\/wp\/v2\/types\/page"}],"author":[{"embeddable":true,"href":"http:\/\/blasco-traducciones.de\/2025\/wp-json\/wp\/v2\/users\/1"}],"replies":[{"embeddable":true,"href":"http:\/\/blasco-traducciones.de\/2025\/wp-json\/wp\/v2\/comments?post=2893"}],"version-history":[{"count":9,"href":"http:\/\/blasco-traducciones.de\/2025\/wp-json\/wp\/v2\/pages\/2893\/revisions"}],"predecessor-version":[{"id":3371,"href":"http:\/\/blasco-traducciones.de\/2025\/wp-json\/wp\/v2\/pages\/2893\/revisions\/3371"}],"wp:attachment":[{"href":"http:\/\/blasco-traducciones.de\/2025\/wp-json\/wp\/v2\/media?parent=2893"}],"curies":[{"name":"wp","href":"https:\/\/api.w.org\/{rel}","templated":true}]}}