{"id":2092,"date":"2024-08-04T16:43:28","date_gmt":"2024-08-04T14:43:28","guid":{"rendered":"http:\/\/blasco-traducciones.de\/2025\/home-deutsch\/"},"modified":"2025-08-22T09:22:26","modified_gmt":"2025-08-22T07:22:26","slug":"start","status":"publish","type":"page","link":"http:\/\/blasco-traducciones.de\/2025\/de\/start\/","title":{"rendered":"START"},"content":{"rendered":"\n<div class=\"wp-block-cover alignfull\"><img loading=\"lazy\" decoding=\"async\" width=\"1024\" height=\"683\" class=\"wp-block-cover__image-background wp-image-3253 size-large\" alt=\"\" src=\"http:\/\/blasco-traducciones.de\/2025\/wp-content\/uploads\/2025\/07\/pexels-bohlemedia-1124460-retocada-1024x683.jpg\" data-object-fit=\"cover\" srcset=\"http:\/\/blasco-traducciones.de\/2025\/wp-content\/uploads\/2025\/07\/pexels-bohlemedia-1124460-retocada-1024x683.jpg 1024w, http:\/\/blasco-traducciones.de\/2025\/wp-content\/uploads\/2025\/07\/pexels-bohlemedia-1124460-retocada-300x200.jpg 300w, http:\/\/blasco-traducciones.de\/2025\/wp-content\/uploads\/2025\/07\/pexels-bohlemedia-1124460-retocada-768x512.jpg 768w, http:\/\/blasco-traducciones.de\/2025\/wp-content\/uploads\/2025\/07\/pexels-bohlemedia-1124460-retocada-1536x1024.jpg 1536w, http:\/\/blasco-traducciones.de\/2025\/wp-content\/uploads\/2025\/07\/pexels-bohlemedia-1124460-retocada-2048x1365.jpg 2048w\" sizes=\"auto, (max-width: 1024px) 100vw, 1024px\" \/><span aria-hidden=\"true\" class=\"wp-block-cover__background has-background-dim-30 has-background-dim\"><\/span><div class=\"wp-block-cover__inner-container is-layout-constrained wp-block-cover-is-layout-constrained\">\n<p class=\"has-text-align-center has-white-color has-text-color has-link-color has-medium-font-size wp-elements-521e53e258a725a819d24c5f49ffecfe\"><strong>BEGLAUBIGTE \u00dcBERSETZUNGEN DEUTSCH-SPANISCH-DEUTSCH<\/strong><\/p>\n<\/div><\/div>\n\n\n\n<div style=\"height:20px\" aria-hidden=\"true\" class=\"wp-block-spacer\"><\/div>\n\n\n\n<div class=\"wp-block-columns is-layout-flex wp-container-core-columns-is-layout-28f84493 wp-block-columns-is-layout-flex\">\n<div class=\"wp-block-column is-layout-flow wp-block-column-is-layout-flow\">\n<figure class=\"wp-block-image size-full\"><a href=\"http:\/\/blasco-traducciones.de\/2025\/de\/leistungen\/\"><img loading=\"lazy\" decoding=\"async\" width=\"600\" height=\"338\" src=\"http:\/\/blasco-traducciones.de\/2025\/wp-content\/uploads\/2025\/07\/Claudio-Blasco-web05-2.jpg\" alt=\"\" class=\"wp-image-3241\" srcset=\"http:\/\/blasco-traducciones.de\/2025\/wp-content\/uploads\/2025\/07\/Claudio-Blasco-web05-2.jpg 600w, http:\/\/blasco-traducciones.de\/2025\/wp-content\/uploads\/2025\/07\/Claudio-Blasco-web05-2-300x169.jpg 300w\" sizes=\"auto, (max-width: 600px) 100vw, 600px\" \/><\/a><\/figure>\n\n\n\n<p class=\"has-vivid-red-color has-text-color has-link-color wp-elements-689a2737c5430789e0325e3fcbe52679\" style=\"margin-top:30px;margin-bottom:0px;font-size:18px\"><strong><strong><strong><strong><a href=\"http:\/\/blasco-traducciones.de\/2025\/de\/leistungen\/\">LEISTUNGEN<\/a><\/strong><\/strong><\/strong><\/strong><\/p>\n\n\n\n<p>Beglaubigte \u00dcbersetzungen Deutsch-Spanisch-Deutsch<\/p>\n\n\n\n<p>Allgemeine \u00dcbersetzungen Deutsch-Spanisch-Deutsch<\/p>\n\n\n\n<p>Konsekutivdolmetschen Deutsch-Spanisch-Deutsch<\/p>\n<\/div>\n\n\n\n<div class=\"wp-block-column is-layout-flow wp-block-column-is-layout-flow\">\n<div class=\"wp-block-group is-layout-constrained wp-block-group-is-layout-constrained\">\n<figure class=\"wp-block-image size-full\"><a href=\"http:\/\/blasco-traducciones.de\/2025\/de\/profil\/\"><img loading=\"lazy\" decoding=\"async\" width=\"600\" height=\"338\" src=\"http:\/\/blasco-traducciones.de\/2025\/wp-content\/uploads\/2025\/07\/Claudio-Blasco-web03-2.jpg\" alt=\"\" class=\"wp-image-3242\" srcset=\"http:\/\/blasco-traducciones.de\/2025\/wp-content\/uploads\/2025\/07\/Claudio-Blasco-web03-2.jpg 600w, http:\/\/blasco-traducciones.de\/2025\/wp-content\/uploads\/2025\/07\/Claudio-Blasco-web03-2-300x169.jpg 300w\" sizes=\"auto, (max-width: 600px) 100vw, 600px\" \/><\/a><\/figure>\n\n\n\n<p class=\"has-vivid-red-color has-text-color has-link-color wp-elements-77a1e1cfc1e39d1b656e93c1b8227d04\" style=\"margin-top:30px;margin-bottom:0px;font-size:18px\"><strong><a href=\"http:\/\/blasco-traducciones.de\/2025\/de\/profil\/\">FACHKOMPETENZ<\/a><\/strong><\/p>\n\n\n\n<p>\u00dcber 25 Jahre Erfahrung als \u00dcbersetzer<\/p>\n\n\n\n<p>Fachgebiete: Wirtschaft, Finanzen, Recht und einige Bereiche der Technik und Naturwissenschaften.<\/p>\n<\/div>\n<\/div>\n\n\n\n<div class=\"wp-block-column is-layout-flow wp-block-column-is-layout-flow\">\n<div class=\"wp-block-group is-layout-constrained wp-block-group-is-layout-constrained\">\n<figure class=\"wp-block-image size-full\"><a href=\"http:\/\/blasco-traducciones.de\/2025\/de\/profil\/\"><img loading=\"lazy\" decoding=\"async\" width=\"600\" height=\"338\" src=\"http:\/\/blasco-traducciones.de\/2025\/wp-content\/uploads\/2025\/07\/Claudio-Blasco-web06-1.jpg\" alt=\"\" class=\"wp-image-3243\" srcset=\"http:\/\/blasco-traducciones.de\/2025\/wp-content\/uploads\/2025\/07\/Claudio-Blasco-web06-1.jpg 600w, http:\/\/blasco-traducciones.de\/2025\/wp-content\/uploads\/2025\/07\/Claudio-Blasco-web06-1-300x169.jpg 300w\" sizes=\"auto, (max-width: 600px) 100vw, 600px\" \/><\/a><\/figure>\n\n\n\n<p class=\"has-vivid-red-color has-text-color has-link-color wp-elements-a434c4a971e87b901a6f97755e479c2a\" style=\"margin-top:30px;margin-bottom:0px;font-size:18px\"><strong><strong><strong><strong><strong><a href=\"http:\/\/blasco-traducciones.de\/2025\/de\/profil\/\">ABSCHL\u00dcSSE UND QUALIFIKATIONEN<\/a><\/strong><\/strong><\/strong><\/strong><\/strong><\/p>\n\n\n\n<p>Allgemein erm\u00e4chtigter \u00dcbersetzer f\u00fcr Gerichte und Notare in Hessen<\/p>\n\n\n\n<p>Staatlich gepr\u00fcfter \u00dcbersetzer f\u00fcr Spanisch im Land Hessen und Bayern<\/p>\n\n\n\n<p>Ehem. Mitglied des Pr\u00fcfungsausschusses f\u00fcr die staatliche Pr\u00fcfung f\u00fcr \u00dcbersetzer und Dolmetscher in Bayern.<\/p>\n\n\n\n<p>Diplom-Volkswirt (J. W. Goethe-Universit\u00e4t-Frankfurt)<\/p>\n\n\n\n<p>Ehem. Lehrbeauftragter an den Universit\u00e4ten: J.W.- Goethe-Universit\u00e4t (Frankfurt am Main), European Business School (Oestrich-Winkel), Justus-Liebig-Universit\u00e4t (Gie\u00dfen) und Friedrich-Alexander-Universit\u00e4t (N\u00fcrnberg. <\/p>\n<\/div>\n<\/div>\n<\/div>\n\n\n\n<div style=\"margin-top:0px;height:150px\" aria-hidden=\"true\" class=\"wp-block-spacer\"><\/div>\n","protected":false},"excerpt":{"rendered":"<p>LEISTUNGEN Beglaubigte \u00dcbersetzungen Deutsch-Spanisch-Deutsch Allgemeine \u00dcbersetzungen Deutsch-Spanisch-Deutsch Konsekutivdolmetschen Deutsch-Spanisch-Deutsch FACHKOMPETENZ \u00dcber 25 Jahre Erfahrung als \u00dcbersetzer Fachgebiete: Wirtschaft, Finanzen, Recht und einige Bereiche der Technik und Naturwissenschaften. ABSCHL\u00dcSSE UND QUALIFIKATIONEN Allgemein erm\u00e4chtigter \u00dcbersetzer f\u00fcr Gerichte und Notare in Hessen Staatlich gepr\u00fcfter \u00dcbersetzer f\u00fcr Spanisch im Land Hessen und Bayern Ehem. Mitglied des Pr\u00fcfungsausschusses f\u00fcr die [&hellip;]<\/p>\n","protected":false},"author":1,"featured_media":0,"parent":0,"menu_order":0,"comment_status":"closed","ping_status":"closed","template":"","meta":{"_uag_custom_page_level_css":"","site-sidebar-layout":"no-sidebar","site-content-layout":"plain-container","ast-site-content-layout":"normal-width-container","site-content-style":"unboxed","site-sidebar-style":"unboxed","ast-global-header-display":"","ast-banner-title-visibility":"","ast-main-header-display":"","ast-hfb-above-header-display":"","ast-hfb-below-header-display":"","ast-hfb-mobile-header-display":"","site-post-title":"disabled","ast-breadcrumbs-content":"","ast-featured-img":"disabled","footer-sml-layout":"","theme-transparent-header-meta":"default","adv-header-id-meta":"","stick-header-meta":"","header-above-stick-meta":"","header-main-stick-meta":"","header-below-stick-meta":"","astra-migrate-meta-layouts":"set","ast-page-background-enabled":"default","ast-page-background-meta":{"desktop":{"background-color":"var(--ast-global-color-4)","background-image":"","background-repeat":"repeat","background-position":"center center","background-size":"auto","background-attachment":"scroll","background-type":"","background-media":"","overlay-type":"","overlay-color":"","overlay-opacity":"","overlay-gradient":""},"tablet":{"background-color":"","background-image":"","background-repeat":"repeat","background-position":"center center","background-size":"auto","background-attachment":"scroll","background-type":"","background-media":"","overlay-type":"","overlay-color":"","overlay-opacity":"","overlay-gradient":""},"mobile":{"background-color":"","background-image":"","background-repeat":"repeat","background-position":"center center","background-size":"auto","background-attachment":"scroll","background-type":"","background-media":"","overlay-type":"","overlay-color":"","overlay-opacity":"","overlay-gradient":""}},"ast-content-background-meta":{"desktop":{"background-color":"var(--ast-global-color-5)","background-image":"","background-repeat":"repeat","background-position":"center center","background-size":"auto","background-attachment":"scroll","background-type":"","background-media":"","overlay-type":"","overlay-color":"","overlay-opacity":"","overlay-gradient":""},"tablet":{"background-color":"var(--ast-global-color-5)","background-image":"","background-repeat":"repeat","background-position":"center center","background-size":"auto","background-attachment":"scroll","background-type":"","background-media":"","overlay-type":"","overlay-color":"","overlay-opacity":"","overlay-gradient":""},"mobile":{"background-color":"var(--ast-global-color-5)","background-image":"","background-repeat":"repeat","background-position":"center center","background-size":"auto","background-attachment":"scroll","background-type":"","background-media":"","overlay-type":"","overlay-color":"","overlay-opacity":"","overlay-gradient":""}},"footnotes":""},"class_list":["post-2092","page","type-page","status-publish","hentry"],"yoast_head":"<!-- This site is optimized with the Yoast SEO plugin v26.2 - https:\/\/yoast.com\/wordpress\/plugins\/seo\/ -->\n<title>Home - Blasco Traducciones<\/title>\n<meta name=\"description\" content=\"Leistungen: Beglaubigte \u00dcbersetzungen Deutsch-Spanisch-Deutsch in Frankfurt. Konsekutivdolmetschen. Fachgebiete: Wirtschaft &amp; Finanzen + Recht\" \/>\n<meta name=\"robots\" content=\"index, follow, max-snippet:-1, max-image-preview:large, max-video-preview:-1\" \/>\n<link rel=\"canonical\" href=\"http:\/\/blasco-traducciones.de\/2025\/de\/start\/\" \/>\n<meta property=\"og:locale\" content=\"en_US\" \/>\n<meta property=\"og:type\" content=\"article\" \/>\n<meta property=\"og:title\" content=\"Home - Blasco Traducciones\" \/>\n<meta property=\"og:description\" content=\"Leistungen: Beglaubigte \u00dcbersetzungen Deutsch-Spanisch-Deutsch in Frankfurt. Konsekutivdolmetschen. Fachgebiete: Wirtschaft &amp; Finanzen + Recht\" \/>\n<meta property=\"og:url\" content=\"http:\/\/blasco-traducciones.de\/2025\/de\/start\/\" \/>\n<meta property=\"og:site_name\" content=\"Blasco Traducciones\" \/>\n<meta property=\"article:modified_time\" content=\"2025-08-22T07:22:26+00:00\" \/>\n<meta property=\"og:image\" content=\"http:\/\/blasco-traducciones.de\/2025\/wp-content\/uploads\/2025\/07\/pexels-bohlemedia-1124460-retocada-scaled.jpg\" \/>\n\t<meta property=\"og:image:width\" content=\"2560\" \/>\n\t<meta property=\"og:image:height\" content=\"1707\" \/>\n\t<meta property=\"og:image:type\" content=\"image\/jpeg\" \/>\n<meta name=\"twitter:card\" content=\"summary_large_image\" \/>\n<meta name=\"twitter:label1\" content=\"Est. reading time\" \/>\n\t<meta name=\"twitter:data1\" content=\"2 minutes\" \/>\n<script type=\"application\/ld+json\" class=\"yoast-schema-graph\">{\"@context\":\"https:\/\/schema.org\",\"@graph\":[{\"@type\":\"WebPage\",\"@id\":\"http:\/\/blasco-traducciones.de\/2025\/de\/start\/\",\"url\":\"http:\/\/blasco-traducciones.de\/2025\/de\/start\/\",\"name\":\"Home - Blasco Traducciones\",\"isPartOf\":{\"@id\":\"http:\/\/blasco-traducciones.de\/2025\/#website\"},\"primaryImageOfPage\":{\"@id\":\"http:\/\/blasco-traducciones.de\/2025\/de\/start\/#primaryimage\"},\"image\":{\"@id\":\"http:\/\/blasco-traducciones.de\/2025\/de\/start\/#primaryimage\"},\"thumbnailUrl\":\"http:\/\/blasco-traducciones.de\/2025\/wp-content\/uploads\/2025\/07\/pexels-bohlemedia-1124460-retocada-1024x683.jpg\",\"datePublished\":\"2024-08-04T14:43:28+00:00\",\"dateModified\":\"2025-08-22T07:22:26+00:00\",\"description\":\"Leistungen: Beglaubigte \u00dcbersetzungen Deutsch-Spanisch-Deutsch in Frankfurt. Konsekutivdolmetschen. Fachgebiete: Wirtschaft & Finanzen + Recht\",\"breadcrumb\":{\"@id\":\"http:\/\/blasco-traducciones.de\/2025\/de\/start\/#breadcrumb\"},\"inLanguage\":\"en-US\",\"potentialAction\":[{\"@type\":\"ReadAction\",\"target\":[\"http:\/\/blasco-traducciones.de\/2025\/de\/start\/\"]}]},{\"@type\":\"ImageObject\",\"inLanguage\":\"en-US\",\"@id\":\"http:\/\/blasco-traducciones.de\/2025\/de\/start\/#primaryimage\",\"url\":\"http:\/\/blasco-traducciones.de\/2025\/wp-content\/uploads\/2025\/07\/pexels-bohlemedia-1124460-retocada-scaled.jpg\",\"contentUrl\":\"http:\/\/blasco-traducciones.de\/2025\/wp-content\/uploads\/2025\/07\/pexels-bohlemedia-1124460-retocada-scaled.jpg\",\"width\":2560,\"height\":1707},{\"@type\":\"BreadcrumbList\",\"@id\":\"http:\/\/blasco-traducciones.de\/2025\/de\/start\/#breadcrumb\",\"itemListElement\":[{\"@type\":\"ListItem\",\"position\":1,\"name\":\"Home\",\"item\":\"http:\/\/blasco-traducciones.de\/2025\/en\/home\/\"},{\"@type\":\"ListItem\",\"position\":2,\"name\":\"START\"}]},{\"@type\":\"WebSite\",\"@id\":\"http:\/\/blasco-traducciones.de\/2025\/#website\",\"url\":\"http:\/\/blasco-traducciones.de\/2025\/\",\"name\":\"Blasco Traducciones\",\"description\":\"Espa\u00f1ol &lt;-&gt; Deutsch\",\"publisher\":{\"@id\":\"http:\/\/blasco-traducciones.de\/2025\/#organization\"},\"potentialAction\":[{\"@type\":\"SearchAction\",\"target\":{\"@type\":\"EntryPoint\",\"urlTemplate\":\"http:\/\/blasco-traducciones.de\/2025\/?s={search_term_string}\"},\"query-input\":{\"@type\":\"PropertyValueSpecification\",\"valueRequired\":true,\"valueName\":\"search_term_string\"}}],\"inLanguage\":\"en-US\"},{\"@type\":\"Organization\",\"@id\":\"http:\/\/blasco-traducciones.de\/2025\/#organization\",\"name\":\"Blasco Traducciones\",\"url\":\"http:\/\/blasco-traducciones.de\/2025\/\",\"logo\":{\"@type\":\"ImageObject\",\"inLanguage\":\"en-US\",\"@id\":\"http:\/\/blasco-traducciones.de\/2025\/#\/schema\/logo\/image\/\",\"url\":\"\",\"contentUrl\":\"\",\"caption\":\"Blasco Traducciones\"},\"image\":{\"@id\":\"http:\/\/blasco-traducciones.de\/2025\/#\/schema\/logo\/image\/\"}}]}<\/script>\n<!-- \/ Yoast SEO plugin. -->","yoast_head_json":{"title":"Home - Blasco Traducciones","description":"Leistungen: Beglaubigte \u00dcbersetzungen Deutsch-Spanisch-Deutsch in Frankfurt. Konsekutivdolmetschen. Fachgebiete: Wirtschaft & Finanzen + Recht","robots":{"index":"index","follow":"follow","max-snippet":"max-snippet:-1","max-image-preview":"max-image-preview:large","max-video-preview":"max-video-preview:-1"},"canonical":"http:\/\/blasco-traducciones.de\/2025\/de\/start\/","og_locale":"en_US","og_type":"article","og_title":"Home - Blasco Traducciones","og_description":"Leistungen: Beglaubigte \u00dcbersetzungen Deutsch-Spanisch-Deutsch in Frankfurt. Konsekutivdolmetschen. Fachgebiete: Wirtschaft & Finanzen + Recht","og_url":"http:\/\/blasco-traducciones.de\/2025\/de\/start\/","og_site_name":"Blasco Traducciones","article_modified_time":"2025-08-22T07:22:26+00:00","og_image":[{"width":2560,"height":1707,"url":"http:\/\/blasco-traducciones.de\/2025\/wp-content\/uploads\/2025\/07\/pexels-bohlemedia-1124460-retocada-scaled.jpg","type":"image\/jpeg"}],"twitter_card":"summary_large_image","twitter_misc":{"Est. reading time":"2 minutes"},"schema":{"@context":"https:\/\/schema.org","@graph":[{"@type":"WebPage","@id":"http:\/\/blasco-traducciones.de\/2025\/de\/start\/","url":"http:\/\/blasco-traducciones.de\/2025\/de\/start\/","name":"Home - Blasco Traducciones","isPartOf":{"@id":"http:\/\/blasco-traducciones.de\/2025\/#website"},"primaryImageOfPage":{"@id":"http:\/\/blasco-traducciones.de\/2025\/de\/start\/#primaryimage"},"image":{"@id":"http:\/\/blasco-traducciones.de\/2025\/de\/start\/#primaryimage"},"thumbnailUrl":"http:\/\/blasco-traducciones.de\/2025\/wp-content\/uploads\/2025\/07\/pexels-bohlemedia-1124460-retocada-1024x683.jpg","datePublished":"2024-08-04T14:43:28+00:00","dateModified":"2025-08-22T07:22:26+00:00","description":"Leistungen: Beglaubigte \u00dcbersetzungen Deutsch-Spanisch-Deutsch in Frankfurt. Konsekutivdolmetschen. Fachgebiete: Wirtschaft & Finanzen + Recht","breadcrumb":{"@id":"http:\/\/blasco-traducciones.de\/2025\/de\/start\/#breadcrumb"},"inLanguage":"en-US","potentialAction":[{"@type":"ReadAction","target":["http:\/\/blasco-traducciones.de\/2025\/de\/start\/"]}]},{"@type":"ImageObject","inLanguage":"en-US","@id":"http:\/\/blasco-traducciones.de\/2025\/de\/start\/#primaryimage","url":"http:\/\/blasco-traducciones.de\/2025\/wp-content\/uploads\/2025\/07\/pexels-bohlemedia-1124460-retocada-scaled.jpg","contentUrl":"http:\/\/blasco-traducciones.de\/2025\/wp-content\/uploads\/2025\/07\/pexels-bohlemedia-1124460-retocada-scaled.jpg","width":2560,"height":1707},{"@type":"BreadcrumbList","@id":"http:\/\/blasco-traducciones.de\/2025\/de\/start\/#breadcrumb","itemListElement":[{"@type":"ListItem","position":1,"name":"Home","item":"http:\/\/blasco-traducciones.de\/2025\/en\/home\/"},{"@type":"ListItem","position":2,"name":"START"}]},{"@type":"WebSite","@id":"http:\/\/blasco-traducciones.de\/2025\/#website","url":"http:\/\/blasco-traducciones.de\/2025\/","name":"Blasco Traducciones","description":"Espa\u00f1ol &lt;-&gt; Deutsch","publisher":{"@id":"http:\/\/blasco-traducciones.de\/2025\/#organization"},"potentialAction":[{"@type":"SearchAction","target":{"@type":"EntryPoint","urlTemplate":"http:\/\/blasco-traducciones.de\/2025\/?s={search_term_string}"},"query-input":{"@type":"PropertyValueSpecification","valueRequired":true,"valueName":"search_term_string"}}],"inLanguage":"en-US"},{"@type":"Organization","@id":"http:\/\/blasco-traducciones.de\/2025\/#organization","name":"Blasco Traducciones","url":"http:\/\/blasco-traducciones.de\/2025\/","logo":{"@type":"ImageObject","inLanguage":"en-US","@id":"http:\/\/blasco-traducciones.de\/2025\/#\/schema\/logo\/image\/","url":"","contentUrl":"","caption":"Blasco Traducciones"},"image":{"@id":"http:\/\/blasco-traducciones.de\/2025\/#\/schema\/logo\/image\/"}}]}},"uagb_featured_image_src":{"full":false,"thumbnail":false,"medium":false,"medium_large":false,"large":false,"1536x1536":false,"2048x2048":false},"uagb_author_info":{"display_name":"is","author_link":"http:\/\/blasco-traducciones.de\/2025\/author\/is\/"},"uagb_comment_info":0,"uagb_excerpt":"LEISTUNGEN Beglaubigte \u00dcbersetzungen Deutsch-Spanisch-Deutsch Allgemeine \u00dcbersetzungen Deutsch-Spanisch-Deutsch Konsekutivdolmetschen Deutsch-Spanisch-Deutsch FACHKOMPETENZ \u00dcber 25 Jahre Erfahrung als \u00dcbersetzer Fachgebiete: Wirtschaft, Finanzen, Recht und einige Bereiche der Technik und Naturwissenschaften. ABSCHL\u00dcSSE UND QUALIFIKATIONEN Allgemein erm\u00e4chtigter \u00dcbersetzer f\u00fcr Gerichte und Notare in Hessen Staatlich gepr\u00fcfter \u00dcbersetzer f\u00fcr Spanisch im Land Hessen und Bayern Ehem. Mitglied des Pr\u00fcfungsausschusses f\u00fcr die&hellip;","_links":{"self":[{"href":"http:\/\/blasco-traducciones.de\/2025\/wp-json\/wp\/v2\/pages\/2092","targetHints":{"allow":["GET"]}}],"collection":[{"href":"http:\/\/blasco-traducciones.de\/2025\/wp-json\/wp\/v2\/pages"}],"about":[{"href":"http:\/\/blasco-traducciones.de\/2025\/wp-json\/wp\/v2\/types\/page"}],"author":[{"embeddable":true,"href":"http:\/\/blasco-traducciones.de\/2025\/wp-json\/wp\/v2\/users\/1"}],"replies":[{"embeddable":true,"href":"http:\/\/blasco-traducciones.de\/2025\/wp-json\/wp\/v2\/comments?post=2092"}],"version-history":[{"count":2,"href":"http:\/\/blasco-traducciones.de\/2025\/wp-json\/wp\/v2\/pages\/2092\/revisions"}],"predecessor-version":[{"id":3374,"href":"http:\/\/blasco-traducciones.de\/2025\/wp-json\/wp\/v2\/pages\/2092\/revisions\/3374"}],"wp:attachment":[{"href":"http:\/\/blasco-traducciones.de\/2025\/wp-json\/wp\/v2\/media?parent=2092"}],"curies":[{"name":"wp","href":"https:\/\/api.w.org\/{rel}","templated":true}]}}